{"id":19114,"date":"2021-12-20T15:19:09","date_gmt":"2021-12-20T14:19:09","guid":{"rendered":"https:\/\/mirnanamjestaj.ba\/?post_type=product&#038;p=19114"},"modified":"2025-01-20T17:21:02","modified_gmt":"2025-01-20T16:21:02","slug":"basic-madrac","status":"publish","type":"product","link":"https:\/\/mirnanamjestaj.ba\/en\/product\/basic-madrac\/","title":{"rendered":"Basic madrac"},"content":{"rendered":"<p style=\"font-weight: 400\">Visokoelasti\u010dni madrac za svakoga<\/p>\n<p style=\"font-weight: 400\">Madrac Basic je klasi\u010dni madrac sa pjenom koji predstavlja osnovu ponude Moj San madraca. Jezgra madraca se sastoji od PU pjene koja pru\u017ea dobar oslonac tijelu spava\u010da, pru\u017eaju\u0107i osje\u0107aj normalne tvrdo\u0107e, ako je madrac upotpunjen latofleks podlogom. Anatomsku prilagodbu Va\u0161em tijelu omogu\u0107ili smo zahvaljuju\u0107i 7 zonskom profiliranju jezgre madraca. Platno navlake madraca je, antialergijsko i antibakterijsko, te istu nije mogu\u0107e prati. Madrac je zatvoren trakom po rubovima sa svih strana.<br \/>\nMadrac Basic mo\u017ee idealno poslu\u017eiti kao pomo\u0107ni madrac, madrac za Va\u0161u vikendicu ili apartman ali i za svakodnevnu upotrebu. Madrac Basic je namijenjen osobama do 90 kg tjelesne mase i ukupne je visine 16 cm. Preporu\u010duje se osobama koje vole ne\u0161to \u010dvr\u0161\u0107u podlogu kao i osobama koje preferiraju spavanje na stomaku. Kompaktan je madrac i kao takav \u0107e dobro pristajati Va\u0161em krevetu.<\/p>","protected":false},"excerpt":{"rendered":"<ul>\n<li>Visokokvalitetna navlaka sa antialergijskim svojstvima izra\u0111ena od tkanine koja zadovoljava zahtjeve \u00d6ko-Tex standarda<\/li>\n<li>7 zonska kompaktna jezgra madraca za dodatnu udobnost<\/li>\n<li>Madrac prilago\u0111en osobama tjelesne mase do 90 kg<\/li>\n<li>Madrac je dostupan u dimenzijama po narud\u017ebi<\/li>\n<li>Navedena cijena va\u017ei za dimenzije madraca 190&#215;120<\/li>\n<\/ul>","protected":false},"featured_media":20880,"comment_status":"open","ping_status":"closed","template":"","meta":[],"product_cat":[151],"product_tag":[],"class_list":{"0":"post-19114","1":"product","2":"type-product","3":"status-publish","4":"has-post-thumbnail","6":"product_cat-madraci","9":"first","10":"instock","11":"shipping-taxable","12":"purchasable","13":"product-type-simple"},"_links":{"self":[{"href":"https:\/\/mirnanamjestaj.ba\/en\/wp-json\/wp\/v2\/product\/19114","targetHints":{"allow":["GET"]}}],"collection":[{"href":"https:\/\/mirnanamjestaj.ba\/en\/wp-json\/wp\/v2\/product"}],"about":[{"href":"https:\/\/mirnanamjestaj.ba\/en\/wp-json\/wp\/v2\/types\/product"}],"replies":[{"embeddable":true,"href":"https:\/\/mirnanamjestaj.ba\/en\/wp-json\/wp\/v2\/comments?post=19114"}],"version-history":[{"count":8,"href":"https:\/\/mirnanamjestaj.ba\/en\/wp-json\/wp\/v2\/product\/19114\/revisions"}],"predecessor-version":[{"id":21092,"href":"https:\/\/mirnanamjestaj.ba\/en\/wp-json\/wp\/v2\/product\/19114\/revisions\/21092"}],"wp:featuredmedia":[{"embeddable":true,"href":"https:\/\/mirnanamjestaj.ba\/en\/wp-json\/wp\/v2\/media\/20880"}],"wp:attachment":[{"href":"https:\/\/mirnanamjestaj.ba\/en\/wp-json\/wp\/v2\/media?parent=19114"}],"wp:term":[{"taxonomy":"product_cat","embeddable":true,"href":"https:\/\/mirnanamjestaj.ba\/en\/wp-json\/wp\/v2\/product_cat?post=19114"},{"taxonomy":"product_tag","embeddable":true,"href":"https:\/\/mirnanamjestaj.ba\/en\/wp-json\/wp\/v2\/product_tag?post=19114"}],"curies":[{"name":"wp","href":"https:\/\/api.w.org\/{rel}","templated":true}]}}