{"id":20592,"date":"2022-04-01T10:40:58","date_gmt":"2022-04-01T08:40:58","guid":{"rendered":"https:\/\/mirnanamjestaj.ba\/?post_type=product&#038;p=20592"},"modified":"2026-01-06T10:36:24","modified_gmt":"2026-01-06T09:36:24","slug":"diva-trosjed","status":"publish","type":"product","link":"https:\/\/mirnanamjestaj.ba\/en\/product\/diva-trosjed\/","title":{"rendered":"Diva trosjed"},"content":{"rendered":"","protected":false},"excerpt":{"rendered":"<p>DIMENZIJE: du\u017eina 225 cm, dubina 105 cm, dubina sa pomjerenim le\u0111ima 125 cm, visina 86 cm<\/p>\n<p>Elasti\u010dna gurtna + spu\u017eva, inox nogice, sirt mehanizam (le\u0111a se mogu pomjerati)<\/p>\n<p>Radi se i u varijanti sa drvenim nogama i podestom, Diva Lux varijanta i cijena je 1163 KM\/kom<\/p>","protected":false},"featured_media":20595,"comment_status":"open","ping_status":"closed","template":"","meta":[],"product_cat":[158],"product_tag":[],"class_list":{"0":"post-20592","1":"product","2":"type-product","3":"status-publish","4":"has-post-thumbnail","6":"product_cat-trosjedi-i-dvosjedi","9":"first","10":"instock","11":"shipping-taxable","12":"purchasable","13":"product-type-simple"},"_links":{"self":[{"href":"https:\/\/mirnanamjestaj.ba\/en\/wp-json\/wp\/v2\/product\/20592","targetHints":{"allow":["GET"]}}],"collection":[{"href":"https:\/\/mirnanamjestaj.ba\/en\/wp-json\/wp\/v2\/product"}],"about":[{"href":"https:\/\/mirnanamjestaj.ba\/en\/wp-json\/wp\/v2\/types\/product"}],"replies":[{"embeddable":true,"href":"https:\/\/mirnanamjestaj.ba\/en\/wp-json\/wp\/v2\/comments?post=20592"}],"version-history":[{"count":3,"href":"https:\/\/mirnanamjestaj.ba\/en\/wp-json\/wp\/v2\/product\/20592\/revisions"}],"predecessor-version":[{"id":22818,"href":"https:\/\/mirnanamjestaj.ba\/en\/wp-json\/wp\/v2\/product\/20592\/revisions\/22818"}],"wp:featuredmedia":[{"embeddable":true,"href":"https:\/\/mirnanamjestaj.ba\/en\/wp-json\/wp\/v2\/media\/20595"}],"wp:attachment":[{"href":"https:\/\/mirnanamjestaj.ba\/en\/wp-json\/wp\/v2\/media?parent=20592"}],"wp:term":[{"taxonomy":"product_cat","embeddable":true,"href":"https:\/\/mirnanamjestaj.ba\/en\/wp-json\/wp\/v2\/product_cat?post=20592"},{"taxonomy":"product_tag","embeddable":true,"href":"https:\/\/mirnanamjestaj.ba\/en\/wp-json\/wp\/v2\/product_tag?post=20592"}],"curies":[{"name":"wp","href":"https:\/\/api.w.org\/{rel}","templated":true}]}}