{"id":21908,"date":"2023-11-16T08:47:10","date_gmt":"2023-11-16T07:47:10","guid":{"rendered":"https:\/\/mirnanamjestaj.ba\/?post_type=product&#038;p=21908"},"modified":"2025-01-31T13:56:33","modified_gmt":"2025-01-31T12:56:33","slug":"helena-garnitura","status":"publish","type":"product","link":"https:\/\/mirnanamjestaj.ba\/en\/product\/helena-garnitura\/","title":{"rendered":"Helena garnitura"},"content":{"rendered":"","protected":false},"excerpt":{"rendered":"<p>Dimenzije: 313*235<\/p>\n<p>Sistem razvla\u010denja<\/p>\n<p>Podizni mehanizam za odlaganje stvari<\/p>\n<p>Pomi\u010dna uzglavlja sa vi\u0161e nivoa pode\u0161avanja<\/p>\n<p>Mogu\u0107e birati \u0161tof\/boju<\/p>","protected":false},"featured_media":21909,"comment_status":"open","ping_status":"closed","template":"","meta":[],"product_cat":[113],"product_tag":[],"class_list":{"0":"post-21908","1":"product","2":"type-product","3":"status-publish","4":"has-post-thumbnail","6":"product_cat-garniture","9":"first","10":"instock","11":"shipping-taxable","12":"purchasable","13":"product-type-simple"},"_links":{"self":[{"href":"https:\/\/mirnanamjestaj.ba\/en\/wp-json\/wp\/v2\/product\/21908","targetHints":{"allow":["GET"]}}],"collection":[{"href":"https:\/\/mirnanamjestaj.ba\/en\/wp-json\/wp\/v2\/product"}],"about":[{"href":"https:\/\/mirnanamjestaj.ba\/en\/wp-json\/wp\/v2\/types\/product"}],"replies":[{"embeddable":true,"href":"https:\/\/mirnanamjestaj.ba\/en\/wp-json\/wp\/v2\/comments?post=21908"}],"version-history":[{"count":2,"href":"https:\/\/mirnanamjestaj.ba\/en\/wp-json\/wp\/v2\/product\/21908\/revisions"}],"predecessor-version":[{"id":21911,"href":"https:\/\/mirnanamjestaj.ba\/en\/wp-json\/wp\/v2\/product\/21908\/revisions\/21911"}],"wp:featuredmedia":[{"embeddable":true,"href":"https:\/\/mirnanamjestaj.ba\/en\/wp-json\/wp\/v2\/media\/21909"}],"wp:attachment":[{"href":"https:\/\/mirnanamjestaj.ba\/en\/wp-json\/wp\/v2\/media?parent=21908"}],"wp:term":[{"taxonomy":"product_cat","embeddable":true,"href":"https:\/\/mirnanamjestaj.ba\/en\/wp-json\/wp\/v2\/product_cat?post=21908"},{"taxonomy":"product_tag","embeddable":true,"href":"https:\/\/mirnanamjestaj.ba\/en\/wp-json\/wp\/v2\/product_tag?post=21908"}],"curies":[{"name":"wp","href":"https:\/\/api.w.org\/{rel}","templated":true}]}}