{"id":22096,"date":"2023-12-14T12:44:21","date_gmt":"2023-12-14T11:44:21","guid":{"rendered":"https:\/\/mirnanamjestaj.ba\/?post_type=product&#038;p=22096"},"modified":"2025-05-29T11:16:07","modified_gmt":"2025-05-29T09:16:07","slug":"suho-ukrasno-cvijece-565-cm-maslacak","status":"publish","type":"product","link":"https:\/\/mirnanamjestaj.ba\/en\/product\/suho-ukrasno-cvijece-565-cm-maslacak\/","title":{"rendered":"Suho ukrasno cvije\u0107e 56,5 cm masla\u010dak"},"content":{"rendered":"","protected":false},"excerpt":{"rendered":"<p>Suho ukrasno cvije\u0107e 56,5 cm masla\u010dak, be\u017e, roza svj. roza, zelena<\/p>","protected":false},"featured_media":22097,"comment_status":"open","ping_status":"closed","template":"","meta":[],"product_cat":[173],"product_tag":[],"class_list":{"0":"post-22096","1":"product","2":"type-product","3":"status-publish","4":"has-post-thumbnail","6":"product_cat-vaze-i-dekorativno-cvijece","9":"first","10":"instock","11":"shipping-taxable","12":"product-type-simple"},"_links":{"self":[{"href":"https:\/\/mirnanamjestaj.ba\/en\/wp-json\/wp\/v2\/product\/22096","targetHints":{"allow":["GET"]}}],"collection":[{"href":"https:\/\/mirnanamjestaj.ba\/en\/wp-json\/wp\/v2\/product"}],"about":[{"href":"https:\/\/mirnanamjestaj.ba\/en\/wp-json\/wp\/v2\/types\/product"}],"replies":[{"embeddable":true,"href":"https:\/\/mirnanamjestaj.ba\/en\/wp-json\/wp\/v2\/comments?post=22096"}],"version-history":[{"count":2,"href":"https:\/\/mirnanamjestaj.ba\/en\/wp-json\/wp\/v2\/product\/22096\/revisions"}],"predecessor-version":[{"id":22099,"href":"https:\/\/mirnanamjestaj.ba\/en\/wp-json\/wp\/v2\/product\/22096\/revisions\/22099"}],"wp:featuredmedia":[{"embeddable":true,"href":"https:\/\/mirnanamjestaj.ba\/en\/wp-json\/wp\/v2\/media\/22097"}],"wp:attachment":[{"href":"https:\/\/mirnanamjestaj.ba\/en\/wp-json\/wp\/v2\/media?parent=22096"}],"wp:term":[{"taxonomy":"product_cat","embeddable":true,"href":"https:\/\/mirnanamjestaj.ba\/en\/wp-json\/wp\/v2\/product_cat?post=22096"},{"taxonomy":"product_tag","embeddable":true,"href":"https:\/\/mirnanamjestaj.ba\/en\/wp-json\/wp\/v2\/product_tag?post=22096"}],"curies":[{"name":"wp","href":"https:\/\/api.w.org\/{rel}","templated":true}]}}