{"id":22552,"date":"2024-05-17T11:54:12","date_gmt":"2024-05-17T09:54:12","guid":{"rendered":"https:\/\/mirnanamjestaj.ba\/?post_type=product&#038;p=22552"},"modified":"2025-12-16T09:34:33","modified_gmt":"2025-12-16T08:34:33","slug":"atria","status":"publish","type":"product","link":"https:\/\/mirnanamjestaj.ba\/en\/product\/atria\/","title":{"rendered":"Atria"},"content":{"rendered":"","protected":false},"excerpt":{"rendered":"<p>Dimenzije: 102 (+40) * 75 cm<\/p>\n<p>Stol je pre\u010dnik 102 cm, a mogu\u0107e ga je razvu\u0107i za dodatnih 40 cm<\/p>\n<p>Boja: bijela<\/p>","protected":false},"featured_media":22555,"comment_status":"open","ping_status":"closed","template":"","meta":[],"product_cat":[157],"product_tag":[],"class_list":{"0":"post-22552","1":"product","2":"type-product","3":"status-publish","4":"has-post-thumbnail","6":"product_cat-trpezarijski-stolovi","9":"first","10":"instock","11":"shipping-taxable","12":"purchasable","13":"product-type-simple"},"_links":{"self":[{"href":"https:\/\/mirnanamjestaj.ba\/en\/wp-json\/wp\/v2\/product\/22552","targetHints":{"allow":["GET"]}}],"collection":[{"href":"https:\/\/mirnanamjestaj.ba\/en\/wp-json\/wp\/v2\/product"}],"about":[{"href":"https:\/\/mirnanamjestaj.ba\/en\/wp-json\/wp\/v2\/types\/product"}],"replies":[{"embeddable":true,"href":"https:\/\/mirnanamjestaj.ba\/en\/wp-json\/wp\/v2\/comments?post=22552"}],"version-history":[{"count":1,"href":"https:\/\/mirnanamjestaj.ba\/en\/wp-json\/wp\/v2\/product\/22552\/revisions"}],"predecessor-version":[{"id":22556,"href":"https:\/\/mirnanamjestaj.ba\/en\/wp-json\/wp\/v2\/product\/22552\/revisions\/22556"}],"wp:featuredmedia":[{"embeddable":true,"href":"https:\/\/mirnanamjestaj.ba\/en\/wp-json\/wp\/v2\/media\/22555"}],"wp:attachment":[{"href":"https:\/\/mirnanamjestaj.ba\/en\/wp-json\/wp\/v2\/media?parent=22552"}],"wp:term":[{"taxonomy":"product_cat","embeddable":true,"href":"https:\/\/mirnanamjestaj.ba\/en\/wp-json\/wp\/v2\/product_cat?post=22552"},{"taxonomy":"product_tag","embeddable":true,"href":"https:\/\/mirnanamjestaj.ba\/en\/wp-json\/wp\/v2\/product_tag?post=22552"}],"curies":[{"name":"wp","href":"https:\/\/api.w.org\/{rel}","templated":true}]}}