{"id":22607,"date":"2024-06-12T09:55:20","date_gmt":"2024-06-12T07:55:20","guid":{"rendered":"https:\/\/mirnanamjestaj.ba\/?post_type=product&#038;p=22607"},"modified":"2025-02-12T16:22:59","modified_gmt":"2025-02-12T15:22:59","slug":"elona","status":"publish","type":"product","link":"https:\/\/mirnanamjestaj.ba\/en\/product\/elona\/","title":{"rendered":"Elona"},"content":{"rendered":"<p>Dimenzije: 262*190 cm<\/p>\n<p>Razvla\u010di se<\/p>\n<p>Sanduk za odlaganje<\/p>\n<p>Garnitura je univerzalna, tj. mogu\u0107a monta\u017ea i na lijevu i na desnu stranu<\/p>\n<p>Mogu\u0107e birati \u0161tof\/boju<\/p>\n<p>&nbsp;<\/p>","protected":false},"excerpt":{"rendered":"<p>Dimenzije: 262*190 cm Razvla\u010di se Sanduk za odlaganje Garnitura je univerzalna, tj. mogu\u0107a monta\u017ea i na lijevu i na desnu stranu Mogu\u0107e birati \u0161tof\/boju &nbsp;<\/p>","protected":false},"featured_media":22617,"comment_status":"open","ping_status":"closed","template":"","meta":[],"product_cat":[113],"product_tag":[],"class_list":{"0":"post-22607","1":"product","2":"type-product","3":"status-publish","4":"has-post-thumbnail","6":"product_cat-garniture","9":"first","10":"instock","11":"shipping-taxable","12":"purchasable","13":"product-type-simple"},"_links":{"self":[{"href":"https:\/\/mirnanamjestaj.ba\/en\/wp-json\/wp\/v2\/product\/22607","targetHints":{"allow":["GET"]}}],"collection":[{"href":"https:\/\/mirnanamjestaj.ba\/en\/wp-json\/wp\/v2\/product"}],"about":[{"href":"https:\/\/mirnanamjestaj.ba\/en\/wp-json\/wp\/v2\/types\/product"}],"replies":[{"embeddable":true,"href":"https:\/\/mirnanamjestaj.ba\/en\/wp-json\/wp\/v2\/comments?post=22607"}],"version-history":[{"count":2,"href":"https:\/\/mirnanamjestaj.ba\/en\/wp-json\/wp\/v2\/product\/22607\/revisions"}],"predecessor-version":[{"id":22946,"href":"https:\/\/mirnanamjestaj.ba\/en\/wp-json\/wp\/v2\/product\/22607\/revisions\/22946"}],"wp:featuredmedia":[{"embeddable":true,"href":"https:\/\/mirnanamjestaj.ba\/en\/wp-json\/wp\/v2\/media\/22617"}],"wp:attachment":[{"href":"https:\/\/mirnanamjestaj.ba\/en\/wp-json\/wp\/v2\/media?parent=22607"}],"wp:term":[{"taxonomy":"product_cat","embeddable":true,"href":"https:\/\/mirnanamjestaj.ba\/en\/wp-json\/wp\/v2\/product_cat?post=22607"},{"taxonomy":"product_tag","embeddable":true,"href":"https:\/\/mirnanamjestaj.ba\/en\/wp-json\/wp\/v2\/product_tag?post=22607"}],"curies":[{"name":"wp","href":"https:\/\/api.w.org\/{rel}","templated":true}]}}