{"id":27517,"date":"2026-04-01T17:48:53","date_gmt":"2026-04-01T15:48:53","guid":{"rendered":"https:\/\/mirnanamjestaj.ba\/?post_type=product&#038;p=27517"},"modified":"2026-04-01T17:48:53","modified_gmt":"2026-04-01T15:48:53","slug":"sabine","status":"publish","type":"product","link":"https:\/\/mirnanamjestaj.ba\/en\/product\/sabine\/","title":{"rendered":"Sabine"},"content":{"rendered":"","protected":false},"excerpt":{"rendered":"<p>Pre\u010dnik 80 cm<\/p>\n<p>Visina 45 cm<\/p>\n<p>Noge: nehr\u0111aju\u0107i \u010delik<\/p>\n<p>Kaljeno staklo<\/p>","protected":false},"featured_media":27519,"comment_status":"open","ping_status":"closed","template":"","meta":[],"product_cat":[154],"product_tag":[],"class_list":{"0":"post-27517","1":"product","2":"type-product","3":"status-publish","4":"has-post-thumbnail","6":"product_cat-klub-stolovi","9":"first","10":"instock","11":"shipping-taxable","12":"purchasable","13":"product-type-simple"},"_links":{"self":[{"href":"https:\/\/mirnanamjestaj.ba\/en\/wp-json\/wp\/v2\/product\/27517","targetHints":{"allow":["GET"]}}],"collection":[{"href":"https:\/\/mirnanamjestaj.ba\/en\/wp-json\/wp\/v2\/product"}],"about":[{"href":"https:\/\/mirnanamjestaj.ba\/en\/wp-json\/wp\/v2\/types\/product"}],"replies":[{"embeddable":true,"href":"https:\/\/mirnanamjestaj.ba\/en\/wp-json\/wp\/v2\/comments?post=27517"}],"version-history":[{"count":1,"href":"https:\/\/mirnanamjestaj.ba\/en\/wp-json\/wp\/v2\/product\/27517\/revisions"}],"predecessor-version":[{"id":27520,"href":"https:\/\/mirnanamjestaj.ba\/en\/wp-json\/wp\/v2\/product\/27517\/revisions\/27520"}],"wp:featuredmedia":[{"embeddable":true,"href":"https:\/\/mirnanamjestaj.ba\/en\/wp-json\/wp\/v2\/media\/27519"}],"wp:attachment":[{"href":"https:\/\/mirnanamjestaj.ba\/en\/wp-json\/wp\/v2\/media?parent=27517"}],"wp:term":[{"taxonomy":"product_cat","embeddable":true,"href":"https:\/\/mirnanamjestaj.ba\/en\/wp-json\/wp\/v2\/product_cat?post=27517"},{"taxonomy":"product_tag","embeddable":true,"href":"https:\/\/mirnanamjestaj.ba\/en\/wp-json\/wp\/v2\/product_tag?post=27517"}],"curies":[{"name":"wp","href":"https:\/\/api.w.org\/{rel}","templated":true}]}}